{"id":28,"date":"2019-10-12T21:15:18","date_gmt":"2019-10-12T21:15:18","guid":{"rendered":"http:\/\/pvlogistica.com\/?page_id=28"},"modified":"2019-10-29T01:37:29","modified_gmt":"2019-10-29T01:37:29","slug":"contact","status":"publish","type":"page","link":"https:\/\/pvlogistica.com\/index.php\/contact\/","title":{"rendered":"Cont\u00e1ctanos"},"content":{"rendered":"<p>Perm\u00edtanos acompa\u00f1arle durante el proceso de su importante Importaci\u00f3n y Exportaci\u00f3n, facilitando el manejo de su importante mercanc\u00eda.<\/p>\n","protected":false},"excerpt":{"rendered":"<p>Perm\u00edtanos acompa\u00f1arle durante el proceso de su importante Importaci\u00f3n y Exportaci\u00f3n, facilitando el manejo de su importante mercanc\u00eda.<\/p>\n","protected":false},"author":1,"featured_media":62,"parent":0,"menu_order":0,"comment_status":"closed","ping_status":"closed","template":"","meta":{"footnotes":""},"class_list":["post-28","page","type-page","status-publish","has-post-thumbnail","hentry"],"_links":{"self":[{"href":"https:\/\/pvlogistica.com\/index.php\/wp-json\/wp\/v2\/pages\/28","targetHints":{"allow":["GET"]}}],"collection":[{"href":"https:\/\/pvlogistica.com\/index.php\/wp-json\/wp\/v2\/pages"}],"about":[{"href":"https:\/\/pvlogistica.com\/index.php\/wp-json\/wp\/v2\/types\/page"}],"author":[{"embeddable":true,"href":"https:\/\/pvlogistica.com\/index.php\/wp-json\/wp\/v2\/users\/1"}],"replies":[{"embeddable":true,"href":"https:\/\/pvlogistica.com\/index.php\/wp-json\/wp\/v2\/comments?post=28"}],"version-history":[{"count":5,"href":"https:\/\/pvlogistica.com\/index.php\/wp-json\/wp\/v2\/pages\/28\/revisions"}],"predecessor-version":[{"id":95,"href":"https:\/\/pvlogistica.com\/index.php\/wp-json\/wp\/v2\/pages\/28\/revisions\/95"}],"wp:featuredmedia":[{"embeddable":true,"href":"https:\/\/pvlogistica.com\/index.php\/wp-json\/wp\/v2\/media\/62"}],"wp:attachment":[{"href":"https:\/\/pvlogistica.com\/index.php\/wp-json\/wp\/v2\/media?parent=28"}],"curies":[{"name":"wp","href":"https:\/\/api.w.org\/{rel}","templated":true}]}}