{"id":27,"date":"2019-10-12T21:15:18","date_gmt":"2019-10-12T21:15:18","guid":{"rendered":"http:\/\/pvlogistica.com\/?page_id=27"},"modified":"2019-11-01T19:45:09","modified_gmt":"2019-11-01T19:45:09","slug":"about","status":"publish","type":"page","link":"https:\/\/pvlogistica.com\/index.php\/about\/","title":{"rendered":"Nosotros"},"content":{"rendered":"\n<p>Somos una empresa fundada en octubre del\n2010 en Guadalajara, Jalisco, M\u00e9xico. <\/p>\n\n\n\n<p>Gracias al conocimiento cabal sobre las reglas y regulaciones en el comercio exterior con los que nuestro personal cuenta, tenemos la plena confianza y satisfacci\u00f3n de nuestros clientes hacia nuestra empresa y trabajo para poner en nuestras manos su importante carga. <\/p>\n\n\n\n<h2 class=\"wp-block-heading\">Misi\u00f3n<\/h2>\n\n\n\n<p>Tener como objetivo principal que los clientes reciban su mercanc\u00eda en perfecto estado, tiempo y forma.<\/p>\n\n\n\n<p>Posicionarnos como una de las mejores re-expedidoras de carga a nivel internacional, ofreciendo a nuestros clientes el mejor servicio en tiempo y forma obteniendo su satisfacci\u00f3n y confianza para el manejo de sus embarques.  <\/p>\n\n\n\n<h2 class=\"wp-block-heading\">Visi\u00f3n<\/h2>\n\n\n\n<p>Ser una empresa influyente en el \u00e1mbito del\ncomercio exterior ubicando al cliente como lo m\u00e1s importante, ofreciendo apoyo\ny atenci\u00f3n de calidad d\u00eda con d\u00eda.<\/p>\n","protected":false},"excerpt":{"rendered":"<p>Somos una empresa fundada en octubre del 2010 en Guadalajara, Jalisco, M\u00e9xico. Gracias al conocimiento cabal sobre las reglas y regulaciones en el comercio exterior con los que nuestro personal cuenta, tenemos la plena confianza y satisfacci\u00f3n de nuestros clientes hacia nuestra empresa y trabajo para poner en nuestras manos su importante carga. Misi\u00f3n Tener &hellip; <\/p>\n<p class=\"link-more\"><a href=\"https:\/\/pvlogistica.com\/index.php\/about\/\" class=\"more-link\">Continuar leyendo<span class=\"screen-reader-text\"> \u00abNosotros\u00bb<\/span><\/a><\/p>\n","protected":false},"author":1,"featured_media":56,"parent":0,"menu_order":0,"comment_status":"closed","ping_status":"closed","template":"","meta":{"footnotes":""},"class_list":["post-27","page","type-page","status-publish","has-post-thumbnail","hentry"],"_links":{"self":[{"href":"https:\/\/pvlogistica.com\/index.php\/wp-json\/wp\/v2\/pages\/27","targetHints":{"allow":["GET"]}}],"collection":[{"href":"https:\/\/pvlogistica.com\/index.php\/wp-json\/wp\/v2\/pages"}],"about":[{"href":"https:\/\/pvlogistica.com\/index.php\/wp-json\/wp\/v2\/types\/page"}],"author":[{"embeddable":true,"href":"https:\/\/pvlogistica.com\/index.php\/wp-json\/wp\/v2\/users\/1"}],"replies":[{"embeddable":true,"href":"https:\/\/pvlogistica.com\/index.php\/wp-json\/wp\/v2\/comments?post=27"}],"version-history":[{"count":10,"href":"https:\/\/pvlogistica.com\/index.php\/wp-json\/wp\/v2\/pages\/27\/revisions"}],"predecessor-version":[{"id":126,"href":"https:\/\/pvlogistica.com\/index.php\/wp-json\/wp\/v2\/pages\/27\/revisions\/126"}],"wp:featuredmedia":[{"embeddable":true,"href":"https:\/\/pvlogistica.com\/index.php\/wp-json\/wp\/v2\/media\/56"}],"wp:attachment":[{"href":"https:\/\/pvlogistica.com\/index.php\/wp-json\/wp\/v2\/media?parent=27"}],"curies":[{"name":"wp","href":"https:\/\/api.w.org\/{rel}","templated":true}]}}